{"id":10,"date":"2023-11-13T09:07:24","date_gmt":"2023-11-13T09:07:24","guid":{"rendered":"https:\/\/demosites.royal-elementor-addons.com\/barbershop-v1\/?page_id=10"},"modified":"2024-10-24T20:51:04","modified_gmt":"2024-10-24T20:51:04","slug":"wydarzenia-festiwalowe","status":"publish","type":"page","link":"http:\/\/bim.palac.bydgoszcz.pl\/en\/wydarzenia-festiwalowe\/","title":{"rendered":"Festival events"},"content":{"rendered":"<div data-elementor-type=\"wp-page\" data-elementor-id=\"10\" class=\"elementor elementor-10\">\n\t\t\t\t<div class=\"elementor-element elementor-element-61100e4 e-flex e-con-boxed wpr-particle-no wpr-jarallax-no wpr-parallax-no wpr-sticky-section-no e-con e-parent\" data-id=\"61100e4\" data-element_type=\"container\" data-settings=\"{&quot;background_background&quot;:&quot;classic&quot;}\">\n\t\t\t\t\t<div class=\"e-con-inner\">\n\t\t\t\t<div class=\"elementor-element elementor-element-c02b614 elementor-widget elementor-widget-heading\" data-id=\"c02b614\" data-element_type=\"widget\" data-widget_type=\"heading.default\">\n\t\t\t\t<div class=\"elementor-widget-container\">\n\t\t\t<h2 class=\"elementor-heading-title elementor-size-default\">Festival events<\/h2>\t\t<\/div>\n\t\t\t\t<\/div>\n\t\t\t\t\t<\/div>\n\t\t\t\t<\/div>\n\t\t<div class=\"elementor-element elementor-element-fdac5a4 e-flex e-con-boxed wpr-particle-no wpr-jarallax-no wpr-parallax-no wpr-sticky-section-no e-con e-parent\" data-id=\"fdac5a4\" data-element_type=\"container\">\n\t\t\t\t\t<div class=\"e-con-inner\">\n\t\t<div class=\"elementor-element elementor-element-69f4396 e-con-full e-flex wpr-particle-no wpr-jarallax-no wpr-parallax-no wpr-sticky-section-no e-con e-child\" data-id=\"69f4396\" data-element_type=\"container\">\n\t\t<div class=\"elementor-element elementor-element-c9be168 e-flex e-con-boxed wpr-particle-no wpr-jarallax-no wpr-parallax-no wpr-sticky-section-no e-con e-child\" data-id=\"c9be168\" data-element_type=\"container\">\n\t\t\t\t\t<div class=\"e-con-inner\">\n\t\t\t\t<div class=\"elementor-element elementor-element-1ef8639 elementor-widget elementor-widget-text-editor\" data-id=\"1ef8639\" data-element_type=\"widget\" data-widget_type=\"text-editor.default\">\n\t\t\t\t<div class=\"elementor-widget-container\">\n\t\t\t\t\t\t\t<p>Dance, vocal and instrumental groups have an opportunity to show their musical talents and artistic achievements in a beautiful, vintage scenery of our city. Every Festival is accompanied by a competition for   The Golden String Statuette. During the BIM young artists participate in art workshops led by outstanding professionals.<\/p><p><br><\/p>\t\t\t\t\t\t<\/div>\n\t\t\t\t<\/div>\n\t\t\t\t<div class=\"elementor-element elementor-element-06f4eec wpr-grid-columns-2 wpr-grid-columns--laptop3 wpr-grid-columns--tablet2 wpr-grid-columns--mobile1 wpr-grid-pagination-center wpr-item-styles-inner elementor-widget elementor-widget-wpr-grid\" data-id=\"06f4eec\" data-element_type=\"widget\" data-widget_type=\"wpr-grid.default\">\n\t\t\t\t<div class=\"elementor-widget-container\">\n\t\t\t<ul class=\"wpr-grid-filters elementor-clearfix wpr-grid-filters-sep-right\"><li class=\"wpr-pointer-none wpr-pointer-line-fx wpr-pointer-fx-none\"><span  data-filter=\"*\" class=\"wpr-grid-filters-item wpr-active-filter\">All Posts<\/span><em class=\"wpr-grid-filters-sep\"><\/em><\/li><li class=\"wpr-pointer-none wpr-pointer-line-fx wpr-pointer-fx-none\"><span   data-ajax-filter=\"[\"category\",\"wydarzeniafestiwalowe2025\"]\" data-filter=\".category-wydarzeniafestiwalowe2025\">WydarzeniaFestiwalowe2025<\/span><em class=\"wpr-grid-filters-sep\"><\/em><\/li><\/ul><section class=\"wpr-grid elementor-clearfix\" data-settings=\"{&quot;layout&quot;:&quot;fitRows&quot;,&quot;stick_last_element_to_bottom&quot;:&quot;&quot;,&quot;columns_desktop&quot;:&quot;2&quot;,&quot;gutter_hr&quot;:15,&quot;gutter_hr_mobile&quot;:15,&quot;gutter_hr_mobile_extra&quot;:15,&quot;gutter_hr_tablet&quot;:15,&quot;gutter_hr_tablet_extra&quot;:15,&quot;gutter_hr_laptop&quot;:15,&quot;gutter_hr_widescreen&quot;:15,&quot;gutter_vr&quot;:15,&quot;gutter_vr_mobile&quot;:15,&quot;gutter_vr_mobile_extra&quot;:15,&quot;gutter_vr_tablet&quot;:15,&quot;gutter_vr_tablet_extra&quot;:15,&quot;gutter_vr_laptop&quot;:15,&quot;gutter_vr_widescreen&quot;:15,&quot;animation&quot;:&quot;default&quot;,&quot;animation_duration&quot;:0.3,&quot;animation_delay&quot;:0.1,&quot;deeplinking&quot;:&quot;&quot;,&quot;filters_linkable&quot;:&quot;no&quot;,&quot;filters_default_filter&quot;:&quot;&quot;,&quot;filters_count&quot;:&quot;&quot;,&quot;filters_hide_empty&quot;:&quot;no&quot;,&quot;filters_animation&quot;:&quot;default&quot;,&quot;filters_animation_duration&quot;:0.3,&quot;filters_animation_delay&quot;:0.1,&quot;pagination_type&quot;:&quot;load-more&quot;,&quot;pagination_max_pages&quot;:1,&quot;lightbox&quot;:{&quot;selector&quot;:&quot;.wpr-grid-image-wrap&quot;,&quot;iframeMaxWidth&quot;:&quot;60%&quot;,&quot;hash&quot;:false,&quot;autoplay&quot;:&quot;true&quot;,&quot;pause&quot;:5000,&quot;progressBar&quot;:&quot;true&quot;,&quot;counter&quot;:&quot;true&quot;,&quot;controls&quot;:&quot;true&quot;,&quot;getCaptionFromTitleOrAlt&quot;:&quot;true&quot;,&quot;thumbnail&quot;:&quot;&quot;,&quot;showThumbByDefault&quot;:&quot;&quot;,&quot;share&quot;:&quot;&quot;,&quot;zoom&quot;:&quot;true&quot;,&quot;fullScreen&quot;:&quot;true&quot;,&quot;download&quot;:&quot;true&quot;}}\"><article class=\"wpr-grid-item elementor-clearfix post-1485 post type-post status-publish format-standard has-post-thumbnail hentry category-wydarzeniafestiwalowe2025\"><div class=\"wpr-grid-item-inner\"><div class=\"wpr-grid-media-wrap wpr-effect-size-medium\" data-overlay-link=\"yes\"><div class=\"wpr-grid-image-wrap\" data-src=\"https:\/\/bim.palac.bydgoszcz.pl\/wp-content\/uploads\/2024\/10\/zdj\u00a9cie-w-galerii-i-luzem.jpg\" data-img-on-hover=\"\"  data-src-secondary=\"\"><img decoding=\"async\" data-no-lazy=\"1\" src=\"https:\/\/bim.palac.bydgoszcz.pl\/wp-content\/uploads\/2024\/10\/zdj\u00a9cie-w-galerii-i-luzem.jpg\" alt=\"foto: Pa\u00b3ac M\u00b3odzie\u00bfy w Bydgoszczyinfo@palac.bydgoszcz.pl85-097 BydgoszczJagiello\u00f1ska 27, tel: 52 321 00 81\" class=\"wpr-anim-timing-ease-default\"><\/div><div class=\"wpr-grid-media-hover wpr-animation-wrap\"><div class=\"wpr-grid-media-hover-bg  wpr-overlay-fade-in wpr-anim-size-large wpr-anim-timing-ease-default wpr-anim-transparency\" data-url=\"http:\/\/bim.palac.bydgoszcz.pl\/en\/2024\/10\/16\/inauguracja-przemarsz\/\"><\/div><\/div><\/div><div class=\"wpr-grid-item-below-content elementor-clearfix\"><h2 class=\"wpr-grid-item-title elementor-repeater-item-0f9bb93 wpr-grid-item-display-block wpr-grid-item-align-left wpr-pointer-none wpr-pointer-line-fx wpr-pointer-fx-fade\"><div class=\"inner-block\"><a target=\"_self\"  href=\"http:\/\/bim.palac.bydgoszcz.pl\/en\/2024\/10\/16\/inauguracja-przemarsz\/\">The Inauguration Concert and March<\/a><\/div><\/h2><\/div><\/div><\/article><article class=\"wpr-grid-item elementor-clearfix post-1588 post type-post status-publish format-standard has-post-thumbnail hentry category-wydarzeniafestiwalowe2025\"><div class=\"wpr-grid-item-inner\"><div class=\"wpr-grid-media-wrap wpr-effect-size-medium\" data-overlay-link=\"yes\"><div class=\"wpr-grid-image-wrap\" data-src=\"https:\/\/bim.palac.bydgoszcz.pl\/wp-content\/uploads\/2024\/10\/4.png\" data-img-on-hover=\"\"  data-src-secondary=\"\"><img decoding=\"async\" data-no-lazy=\"1\" src=\"https:\/\/bim.palac.bydgoszcz.pl\/wp-content\/uploads\/2024\/10\/4.png\" alt=\"Koncerty towarzysz\u0105ce\" class=\"wpr-anim-timing-ease-default\"><\/div><div class=\"wpr-grid-media-hover wpr-animation-wrap\"><div class=\"wpr-grid-media-hover-bg  wpr-overlay-fade-in wpr-anim-size-large wpr-anim-timing-ease-default wpr-anim-transparency\" data-url=\"http:\/\/bim.palac.bydgoszcz.pl\/en\/2024\/10\/23\/koncerty-towarzyszace\/\"><\/div><\/div><\/div><div class=\"wpr-grid-item-below-content elementor-clearfix\"><h2 class=\"wpr-grid-item-title elementor-repeater-item-0f9bb93 wpr-grid-item-display-block wpr-grid-item-align-left wpr-pointer-none wpr-pointer-line-fx wpr-pointer-fx-fade\"><div class=\"inner-block\"><a target=\"_self\"  href=\"http:\/\/bim.palac.bydgoszcz.pl\/en\/2024\/10\/23\/koncerty-towarzyszace\/\">Accompanying Concerts<\/a><\/div><\/h2><\/div><\/div><\/article><article class=\"wpr-grid-item elementor-clearfix post-1603 post type-post status-publish format-standard has-post-thumbnail hentry category-wydarzeniafestiwalowe2025\"><div class=\"wpr-grid-item-inner\"><div class=\"wpr-grid-media-wrap wpr-effect-size-medium\" data-overlay-link=\"yes\"><div class=\"wpr-grid-image-wrap\" data-src=\"https:\/\/bim.palac.bydgoszcz.pl\/wp-content\/uploads\/2025\/02\/BIM-DZIECIOM.jpg\" data-img-on-hover=\"\"  data-src-secondary=\"\"><img decoding=\"async\" data-no-lazy=\"1\" src=\"https:\/\/bim.palac.bydgoszcz.pl\/wp-content\/uploads\/2025\/02\/BIM-DZIECIOM.jpg\" alt=\"BIM dzieciom\" class=\"wpr-anim-timing-ease-default\"><\/div><div class=\"wpr-grid-media-hover wpr-animation-wrap\"><div class=\"wpr-grid-media-hover-bg  wpr-overlay-fade-in wpr-anim-size-large wpr-anim-timing-ease-default wpr-anim-transparency\" data-url=\"http:\/\/bim.palac.bydgoszcz.pl\/en\/2024\/10\/23\/bim-dzieciom\/\"><\/div><\/div><\/div><div class=\"wpr-grid-item-below-content elementor-clearfix\"><h2 class=\"wpr-grid-item-title elementor-repeater-item-0f9bb93 wpr-grid-item-display-block wpr-grid-item-align-left wpr-pointer-none wpr-pointer-line-fx wpr-pointer-fx-fade\"><div class=\"inner-block\"><a target=\"_self\"  href=\"http:\/\/bim.palac.bydgoszcz.pl\/en\/2024\/10\/23\/bim-dzieciom\/\">BIM for children<\/a><\/div><\/h2><\/div><\/div><\/article><article class=\"wpr-grid-item elementor-clearfix post-1638 post type-post status-publish format-standard has-post-thumbnail hentry category-wydarzeniafestiwalowe2025\"><div class=\"wpr-grid-item-inner\"><div class=\"wpr-grid-media-wrap wpr-effect-size-medium\" data-overlay-link=\"yes\"><div class=\"wpr-grid-image-wrap\" data-src=\"https:\/\/bim.palac.bydgoszcz.pl\/wp-content\/uploads\/2025\/02\/SPOTKANIE-NARODOWE.jpg\" data-img-on-hover=\"\"  data-src-secondary=\"\"><img decoding=\"async\" data-no-lazy=\"1\" src=\"https:\/\/bim.palac.bydgoszcz.pl\/wp-content\/uploads\/2025\/02\/SPOTKANIE-NARODOWE.jpg\" alt=\"Spotkanie Narodowe\" class=\"wpr-anim-timing-ease-default\"><\/div><div class=\"wpr-grid-media-hover wpr-animation-wrap\"><div class=\"wpr-grid-media-hover-bg  wpr-overlay-fade-in wpr-anim-size-large wpr-anim-timing-ease-default wpr-anim-transparency\" data-url=\"http:\/\/bim.palac.bydgoszcz.pl\/en\/2024\/10\/24\/spotkania-miedzynarodowe\/\"><\/div><\/div><\/div><div class=\"wpr-grid-item-below-content elementor-clearfix\"><h2 class=\"wpr-grid-item-title elementor-repeater-item-0f9bb93 wpr-grid-item-display-block wpr-grid-item-align-left wpr-pointer-none wpr-pointer-line-fx wpr-pointer-fx-fade\"><div class=\"inner-block\"><a target=\"_self\"  href=\"http:\/\/bim.palac.bydgoszcz.pl\/en\/2024\/10\/24\/spotkania-miedzynarodowe\/\">Spotkanie Narodowe<\/a><\/div><\/h2><\/div><\/div><\/article><article class=\"wpr-grid-item elementor-clearfix post-1643 post type-post status-publish format-standard has-post-thumbnail hentry category-wydarzeniafestiwalowe2025\"><div class=\"wpr-grid-item-inner\"><div class=\"wpr-grid-media-wrap wpr-effect-size-medium\" data-overlay-link=\"yes\"><div class=\"wpr-grid-image-wrap\" data-src=\"https:\/\/bim.palac.bydgoszcz.pl\/wp-content\/uploads\/2024\/10\/5.png\" data-img-on-hover=\"\"  data-src-secondary=\"\"><img decoding=\"async\" data-no-lazy=\"1\" src=\"https:\/\/bim.palac.bydgoszcz.pl\/wp-content\/uploads\/2024\/10\/5.png\" alt=\"Konkurs\" class=\"wpr-anim-timing-ease-default\"><\/div><div class=\"wpr-grid-media-hover wpr-animation-wrap\"><div class=\"wpr-grid-media-hover-bg  wpr-overlay-fade-in wpr-anim-size-large wpr-anim-timing-ease-default wpr-anim-transparency\" data-url=\"http:\/\/bim.palac.bydgoszcz.pl\/en\/2024\/10\/24\/konkurs\/\"><\/div><\/div><\/div><div class=\"wpr-grid-item-below-content elementor-clearfix\"><h2 class=\"wpr-grid-item-title elementor-repeater-item-0f9bb93 wpr-grid-item-display-block wpr-grid-item-align-left wpr-pointer-none wpr-pointer-line-fx wpr-pointer-fx-fade\"><div class=\"inner-block\"><a target=\"_self\"  href=\"http:\/\/bim.palac.bydgoszcz.pl\/en\/2024\/10\/24\/konkurs\/\">The Competition<\/a><\/div><\/h2><\/div><\/div><\/article><article class=\"wpr-grid-item elementor-clearfix post-1648 post type-post status-publish format-standard has-post-thumbnail hentry category-wydarzeniafestiwalowe2025\"><div class=\"wpr-grid-item-inner\"><div class=\"wpr-grid-media-wrap wpr-effect-size-medium\" data-overlay-link=\"yes\"><div class=\"wpr-grid-image-wrap\" data-src=\"https:\/\/bim.palac.bydgoszcz.pl\/wp-content\/uploads\/2024\/10\/7.png\" data-img-on-hover=\"\"  data-src-secondary=\"\"><img decoding=\"async\" data-no-lazy=\"1\" src=\"https:\/\/bim.palac.bydgoszcz.pl\/wp-content\/uploads\/2024\/10\/7.png\" alt=\"Warsztaty\" class=\"wpr-anim-timing-ease-default\"><\/div><div class=\"wpr-grid-media-hover wpr-animation-wrap\"><div class=\"wpr-grid-media-hover-bg  wpr-overlay-fade-in wpr-anim-size-large wpr-anim-timing-ease-default wpr-anim-transparency\" data-url=\"http:\/\/bim.palac.bydgoszcz.pl\/en\/2024\/10\/24\/warsztaty\/\"><\/div><\/div><\/div><div class=\"wpr-grid-item-below-content elementor-clearfix\"><h2 class=\"wpr-grid-item-title elementor-repeater-item-0f9bb93 wpr-grid-item-display-block wpr-grid-item-align-left wpr-pointer-none wpr-pointer-line-fx wpr-pointer-fx-fade\"><div class=\"inner-block\"><a target=\"_self\"  href=\"http:\/\/bim.palac.bydgoszcz.pl\/en\/2024\/10\/24\/warsztaty\/\">The workshops<\/a><\/div><\/h2><\/div><\/div><\/article><article class=\"wpr-grid-item elementor-clearfix post-1653 post type-post status-publish format-standard has-post-thumbnail hentry category-wydarzeniafestiwalowe2025\"><div class=\"wpr-grid-item-inner\"><div class=\"wpr-grid-media-wrap wpr-effect-size-medium\" data-overlay-link=\"yes\"><div class=\"wpr-grid-image-wrap\" data-src=\"https:\/\/bim.palac.bydgoszcz.pl\/wp-content\/uploads\/2024\/10\/3.png\" data-img-on-hover=\"\"  data-src-secondary=\"\"><img decoding=\"async\" data-no-lazy=\"1\" src=\"https:\/\/bim.palac.bydgoszcz.pl\/wp-content\/uploads\/2024\/10\/3.png\" alt=\"Koncert galowy\" class=\"wpr-anim-timing-ease-default\"><\/div><div class=\"wpr-grid-media-hover wpr-animation-wrap\"><div class=\"wpr-grid-media-hover-bg  wpr-overlay-fade-in wpr-anim-size-large wpr-anim-timing-ease-default wpr-anim-transparency\" data-url=\"http:\/\/bim.palac.bydgoszcz.pl\/en\/2024\/10\/24\/koncert-galowy\/\"><\/div><\/div><\/div><div class=\"wpr-grid-item-below-content elementor-clearfix\"><h2 class=\"wpr-grid-item-title elementor-repeater-item-0f9bb93 wpr-grid-item-display-block wpr-grid-item-align-left wpr-pointer-none wpr-pointer-line-fx wpr-pointer-fx-fade\"><div class=\"inner-block\"><a target=\"_self\"  href=\"http:\/\/bim.palac.bydgoszcz.pl\/en\/2024\/10\/24\/koncert-galowy\/\">The Gala Concert<\/a><\/div><\/h2><\/div><\/div><\/article><article class=\"wpr-grid-item elementor-clearfix post-3814 post type-post status-publish format-standard has-post-thumbnail hentry category-wydarzeniafestiwalowe2025\"><div class=\"wpr-grid-item-inner\"><div class=\"wpr-grid-media-wrap wpr-effect-size-medium\" data-overlay-link=\"yes\"><div class=\"wpr-grid-image-wrap\" data-src=\"https:\/\/bim.palac.bydgoszcz.pl\/wp-content\/uploads\/2025\/02\/POTANCOWKA.jpg\" data-img-on-hover=\"\"  data-src-secondary=\"\"><img decoding=\"async\" data-no-lazy=\"1\" src=\"https:\/\/bim.palac.bydgoszcz.pl\/wp-content\/uploads\/2025\/02\/POTANCOWKA.jpg\" alt=\"Miejska POTA\u0143C\u00d3WKA z muzyk\u0105 na \u017cywo\" class=\"wpr-anim-timing-ease-default\"><\/div><div class=\"wpr-grid-media-hover wpr-animation-wrap\"><div class=\"wpr-grid-media-hover-bg  wpr-overlay-fade-in wpr-anim-size-large wpr-anim-timing-ease-default wpr-anim-transparency\" data-url=\"http:\/\/bim.palac.bydgoszcz.pl\/en\/2025\/04\/02\/miejska-potancowka-z-muzyka-na-zywo\/\"><\/div><\/div><\/div><div class=\"wpr-grid-item-below-content elementor-clearfix\"><h2 class=\"wpr-grid-item-title elementor-repeater-item-0f9bb93 wpr-grid-item-display-block wpr-grid-item-align-left wpr-pointer-none wpr-pointer-line-fx wpr-pointer-fx-fade\"><div class=\"inner-block\"><a target=\"_self\"  href=\"http:\/\/bim.palac.bydgoszcz.pl\/en\/2025\/04\/02\/miejska-potancowka-z-muzyka-na-zywo\/\">Miejska POTA\u0143C\u00d3WKA z muzyk\u0105 na \u017cywo<\/a><\/div><\/h2><\/div><\/div><\/article><\/section>\t\t<\/div>\n\t\t\t\t<\/div>\n\t\t\t\t\t<\/div>\n\t\t\t\t<\/div>\n\t\t\t\t<\/div>\n\t\t\t\t\t<\/div>\n\t\t\t\t<\/div>\n\t\t\t\t<\/div>","protected":false},"excerpt":{"rendered":"<p>Wydarzenia festiwalowe W pi\u0119knej, zabytkowej scenerii naszego miasta, zespo\u0142y taneczne, wokalne oraz instrumentalne maj\u0105 mo\u017cliwo\u015b\u0107 prezentacji swoich talent\u00f3w muzycznych oraz dorobku artystycznego. Festiwalowi co roku towarzyszy konkurs, w kt\u00f3rym zaproszeni go\u015bcie rywalizuj\u0105 o statuetk\u0119 Z\u0142otej Struny. Podczas BIMu m\u0142odzi arty\u015bci co roku bior\u0105 udzia\u0142 w warsztatach artystycznych, prowadzonych przez wybitnych fachowc\u00f3w. All Posts WydarzeniaFestiwalowe2025 Inauguracja + przemarsz Koncerty towarzysz\u0105ce BIM dzieciom Spotkania mi\u0119dzynarodowe Konkurs Warsztaty Koncert galowy<\/p>","protected":false},"author":1,"featured_media":0,"parent":0,"menu_order":0,"comment_status":"closed","ping_status":"closed","template":"elementor_canvas","meta":{"footnotes":""},"_links":{"self":[{"href":"http:\/\/bim.palac.bydgoszcz.pl\/en\/wp-json\/wp\/v2\/pages\/10"}],"collection":[{"href":"http:\/\/bim.palac.bydgoszcz.pl\/en\/wp-json\/wp\/v2\/pages"}],"about":[{"href":"http:\/\/bim.palac.bydgoszcz.pl\/en\/wp-json\/wp\/v2\/types\/page"}],"author":[{"embeddable":true,"href":"http:\/\/bim.palac.bydgoszcz.pl\/en\/wp-json\/wp\/v2\/users\/1"}],"replies":[{"embeddable":true,"href":"http:\/\/bim.palac.bydgoszcz.pl\/en\/wp-json\/wp\/v2\/comments?post=10"}],"version-history":[{"count":54,"href":"http:\/\/bim.palac.bydgoszcz.pl\/en\/wp-json\/wp\/v2\/pages\/10\/revisions"}],"predecessor-version":[{"id":1660,"href":"http:\/\/bim.palac.bydgoszcz.pl\/en\/wp-json\/wp\/v2\/pages\/10\/revisions\/1660"}],"wp:attachment":[{"href":"http:\/\/bim.palac.bydgoszcz.pl\/en\/wp-json\/wp\/v2\/media?parent=10"}],"curies":[{"name":"wp","href":"https:\/\/api.w.org\/{rel}","templated":true}]}}