{"id":4052,"date":"2025-05-12T10:49:42","date_gmt":"2025-05-12T10:49:42","guid":{"rendered":"https:\/\/bim.palac.bydgoszcz.pl\/?page_id=4052"},"modified":"2025-05-26T22:48:23","modified_gmt":"2025-05-26T22:48:23","slug":"ukraina-lwow","status":"publish","type":"page","link":"https:\/\/bim.palac.bydgoszcz.pl\/en\/uczestnicy2025\/ukraina-lwow\/","title":{"rendered":"Ukraina &#8211; Lw\u00f3w"},"content":{"rendered":"<div data-elementor-type=\"wp-page\" data-elementor-id=\"4052\" class=\"elementor elementor-4052\">\n\t\t\t\t<div class=\"elementor-element elementor-element-f7902e3 e-flex e-con-boxed wpr-particle-no wpr-jarallax-no wpr-parallax-no wpr-sticky-section-no e-con e-parent\" data-id=\"f7902e3\" data-element_type=\"container\" data-settings=\"{&quot;background_background&quot;:&quot;classic&quot;}\">\n\t\t\t\t\t<div class=\"e-con-inner\">\n\t\t\t\t<div class=\"elementor-element elementor-element-65ac9af elementor-widget elementor-widget-heading\" data-id=\"65ac9af\" data-element_type=\"widget\" data-widget_type=\"heading.default\">\n\t\t\t\t<div class=\"elementor-widget-container\">\n\t\t\t<h2 class=\"elementor-heading-title elementor-size-default\">Participants 2025<\/h2>\t\t<\/div>\n\t\t\t\t<\/div>\n\t\t\t\t\t<\/div>\n\t\t\t\t<\/div>\n\t\t<div class=\"elementor-element elementor-element-61c7498 e-flex e-con-boxed wpr-particle-no wpr-jarallax-no wpr-parallax-no wpr-sticky-section-no e-con e-parent\" data-id=\"61c7498\" data-element_type=\"container\">\n\t\t\t\t\t<div class=\"e-con-inner\">\n\t\t\t\t<div class=\"elementor-element elementor-element-1607ed6 elementor-widget-divider--view-line elementor-widget elementor-widget-divider\" data-id=\"1607ed6\" data-element_type=\"widget\" data-widget_type=\"divider.default\">\n\t\t\t\t<div class=\"elementor-widget-container\">\n\t\t\t\t\t<div class=\"elementor-divider\">\n\t\t\t<span class=\"elementor-divider-separator\">\n\t\t\t\t\t\t<\/span>\n\t\t<\/div>\n\t\t\t\t<\/div>\n\t\t\t\t<\/div>\n\t\t\t\t\t<\/div>\n\t\t\t\t<\/div>\n\t\t<div class=\"elementor-element elementor-element-ff38dc0 e-flex e-con-boxed wpr-particle-no wpr-jarallax-no wpr-parallax-no wpr-sticky-section-no e-con e-parent\" data-id=\"ff38dc0\" data-element_type=\"container\">\n\t\t\t\t\t<div class=\"e-con-inner\">\n\t\t<div class=\"elementor-element elementor-element-1a4192c e-con-full e-flex wpr-particle-no wpr-jarallax-no wpr-parallax-no wpr-sticky-section-no e-con e-child\" data-id=\"1a4192c\" data-element_type=\"container\">\n\t\t\t\t<div class=\"elementor-element elementor-element-2b5ac19 elementor-widget elementor-widget-image\" data-id=\"2b5ac19\" data-element_type=\"widget\" data-widget_type=\"image.default\">\n\t\t\t\t<div class=\"elementor-widget-container\">\n\t\t\t\t\t\t\t\t\t\t\t\t\t<img fetchpriority=\"high\" decoding=\"async\" width=\"960\" height=\"555\" src=\"https:\/\/bim.palac.bydgoszcz.pl\/wp-content\/uploads\/2025\/05\/Radunytsia-Lwow-scaled-e1746743533317-1024x592.jpg\" class=\"attachment-large size-large wp-image-4000\" alt=\"\" srcset=\"https:\/\/bim.palac.bydgoszcz.pl\/wp-content\/uploads\/2025\/05\/Radunytsia-Lwow-scaled-e1746743533317-1024x592.jpg 1024w, https:\/\/bim.palac.bydgoszcz.pl\/wp-content\/uploads\/2025\/05\/Radunytsia-Lwow-scaled-e1746743533317-300x174.jpg 300w, https:\/\/bim.palac.bydgoszcz.pl\/wp-content\/uploads\/2025\/05\/Radunytsia-Lwow-scaled-e1746743533317-768x444.jpg 768w, https:\/\/bim.palac.bydgoszcz.pl\/wp-content\/uploads\/2025\/05\/Radunytsia-Lwow-scaled-e1746743533317-1536x889.jpg 1536w, https:\/\/bim.palac.bydgoszcz.pl\/wp-content\/uploads\/2025\/05\/Radunytsia-Lwow-scaled-e1746743533317-2048x1185.jpg 2048w, https:\/\/bim.palac.bydgoszcz.pl\/wp-content\/uploads\/2025\/05\/Radunytsia-Lwow-scaled-e1746743533317-18x10.jpg 18w\" sizes=\"(max-width: 960px) 100vw, 960px\" \/>\t\t\t\t\t\t\t\t\t\t\t\t\t<\/div>\n\t\t\t\t<\/div>\n\t\t\t\t<\/div>\n\t\t<div class=\"elementor-element elementor-element-e4053fa e-con-full e-flex wpr-particle-no wpr-jarallax-no wpr-parallax-no wpr-sticky-section-no e-con e-child\" data-id=\"e4053fa\" data-element_type=\"container\">\n\t\t<div class=\"elementor-element elementor-element-3a0f1fe e-con-full e-flex wpr-particle-no wpr-jarallax-no wpr-parallax-no wpr-sticky-section-no e-con e-child\" data-id=\"3a0f1fe\" data-element_type=\"container\">\n\t\t\t\t<div class=\"elementor-element elementor-element-f85e4c4 elementor-widget elementor-widget-heading\" data-id=\"f85e4c4\" data-element_type=\"widget\" data-widget_type=\"heading.default\">\n\t\t\t\t<div class=\"elementor-widget-container\">\n\t\t\t<h2 class=\"elementor-heading-title elementor-size-default\">Ukraina - Lw\u00f3w<\/h2>\t\t<\/div>\n\t\t\t\t<\/div>\n\t\t\t\t<\/div>\n\t\t<div class=\"elementor-element elementor-element-e8e3525 e-con-full e-flex wpr-particle-no wpr-jarallax-no wpr-parallax-no wpr-sticky-section-no e-con e-child\" data-id=\"e8e3525\" data-element_type=\"container\">\n\t\t\t\t<div class=\"elementor-element elementor-element-5588008 elementor-widget elementor-widget-text-editor\" data-id=\"5588008\" data-element_type=\"widget\" data-widget_type=\"text-editor.default\">\n\t\t\t\t<div class=\"elementor-widget-container\">\n\t\t\t\t\t\t\t<h5><em><strong>\u0421h\u00f3r dzieci\u0119cy &#8222;Radunytsia&#8221;<\/strong><\/em><\/h5><div data-canvas-width=\"292.71200000000005\"><div data-canvas-width=\"519.8293333333334\">The children's choir \u201cRadunytsia\u201d was established in 1996 at the People's Artistic Collective of Ukraine Choir \u201cRadunytsia\u201d in Lviv. The collective works at the institution of children's youth clubs of the Shevchenkova district and school number 54 in the city of Lviv. The group's repertoire includes works by world and Ukrainian composers, as well as folk songs and their processing. The choir has released eight audio albums of various genres. The ensemble works according to the author's method of teaching choral singing, based on folk songs, and studies folk traditions and rituals.<\/div><\/div>\t\t\t\t\t\t<\/div>\n\t\t\t\t<\/div>\n\t\t\t\t<\/div>\n\t\t<div class=\"elementor-element elementor-element-7e19a58 e-con-full e-flex wpr-particle-no wpr-jarallax-no wpr-parallax-no wpr-sticky-section-no e-con e-child\" data-id=\"7e19a58\" data-element_type=\"container\">\n\t\t\t\t<\/div>\n\t\t\t\t<\/div>\n\t\t\t\t\t<\/div>\n\t\t\t\t<\/div>\n\t\t<div class=\"elementor-element elementor-element-91966de e-flex e-con-boxed wpr-particle-no wpr-jarallax-no wpr-parallax-no wpr-sticky-section-no e-con e-parent\" data-id=\"91966de\" data-element_type=\"container\">\n\t\t\t\t\t<div class=\"e-con-inner\">\n\t\t\t\t<div class=\"elementor-element elementor-element-636b184 elementor-widget-divider--view-line elementor-widget elementor-widget-divider\" data-id=\"636b184\" data-element_type=\"widget\" data-widget_type=\"divider.default\">\n\t\t\t\t<div class=\"elementor-widget-container\">\n\t\t\t\t\t<div class=\"elementor-divider\">\n\t\t\t<span class=\"elementor-divider-separator\">\n\t\t\t\t\t\t<\/span>\n\t\t<\/div>\n\t\t\t\t<\/div>\n\t\t\t\t<\/div>\n\t\t\t\t\t<\/div>\n\t\t\t\t<\/div>\n\t\t<div class=\"elementor-element elementor-element-2d0edc5 e-flex e-con-boxed wpr-particle-no wpr-jarallax-no wpr-parallax-no wpr-sticky-section-no e-con e-parent\" data-id=\"2d0edc5\" data-element_type=\"container\">\n\t\t\t\t\t<div class=\"e-con-inner\">\n\t\t\t\t<div class=\"elementor-element elementor-element-31f6afa elementor-widget elementor-widget-image-gallery\" data-id=\"31f6afa\" data-element_type=\"widget\" data-widget_type=\"image-gallery.default\">\n\t\t\t\t<div class=\"elementor-widget-container\">\n\t\t\t\t\t<div class=\"elementor-image-gallery\">\n\t\t\t<div id='gallery-1' class='gallery galleryid-4052 gallery-columns-2 gallery-size-medium_large'><figure class='gallery-item'>\n\t\t\t<div class='gallery-icon landscape'>\n\t\t\t\t<a data-elementor-open-lightbox=\"yes\" data-elementor-lightbox-slideshow=\"31f6afa\" data-e-action-hash=\"#elementor-action%3Aaction%3Dlightbox%26settings%3DeyJpZCI6NDAwMSwidXJsIjoiaHR0cHM6XC9cL2JpbS5wYWxhYy5ieWRnb3N6Y3oucGxcL3dwLWNvbnRlbnRcL3VwbG9hZHNcLzIwMjVcLzA1XC9SYWR1bnl0c2lhLUx3b3cxLmpwZyIsInNsaWRlc2hvdyI6IjMxZjZhZmEifQ%3D%3D\" href='https:\/\/bim.palac.bydgoszcz.pl\/wp-content\/uploads\/2025\/05\/Radunytsia-Lwow1.jpg'><img width=\"768\" height=\"576\" src=\"https:\/\/bim.palac.bydgoszcz.pl\/wp-content\/uploads\/2025\/05\/Radunytsia-Lwow1-768x576.jpg\" class=\"attachment-medium_large size-medium_large\" alt=\"\" decoding=\"async\" srcset=\"https:\/\/bim.palac.bydgoszcz.pl\/wp-content\/uploads\/2025\/05\/Radunytsia-Lwow1-768x576.jpg 768w, https:\/\/bim.palac.bydgoszcz.pl\/wp-content\/uploads\/2025\/05\/Radunytsia-Lwow1-300x225.jpg 300w, https:\/\/bim.palac.bydgoszcz.pl\/wp-content\/uploads\/2025\/05\/Radunytsia-Lwow1-1024x768.jpg 1024w, https:\/\/bim.palac.bydgoszcz.pl\/wp-content\/uploads\/2025\/05\/Radunytsia-Lwow1-1536x1151.jpg 1536w, https:\/\/bim.palac.bydgoszcz.pl\/wp-content\/uploads\/2025\/05\/Radunytsia-Lwow1-2048x1535.jpg 2048w, https:\/\/bim.palac.bydgoszcz.pl\/wp-content\/uploads\/2025\/05\/Radunytsia-Lwow1-16x12.jpg 16w\" sizes=\"(max-width: 768px) 100vw, 768px\" \/><\/a>\n\t\t\t<\/div><\/figure><figure class='gallery-item'>\n\t\t\t<div class='gallery-icon landscape'>\n\t\t\t\t<a data-elementor-open-lightbox=\"yes\" data-elementor-lightbox-slideshow=\"31f6afa\" data-e-action-hash=\"#elementor-action%3Aaction%3Dlightbox%26settings%3DeyJpZCI6NDAwMywidXJsIjoiaHR0cHM6XC9cL2JpbS5wYWxhYy5ieWRnb3N6Y3oucGxcL3dwLWNvbnRlbnRcL3VwbG9hZHNcLzIwMjVcLzA1XC9SYWR1bnl0c2lhLTMuanBnIiwic2xpZGVzaG93IjoiMzFmNmFmYSJ9\" href='https:\/\/bim.palac.bydgoszcz.pl\/wp-content\/uploads\/2025\/05\/Radunytsia-3.jpg'><img width=\"768\" height=\"577\" src=\"https:\/\/bim.palac.bydgoszcz.pl\/wp-content\/uploads\/2025\/05\/Radunytsia-3-768x577.jpg\" class=\"attachment-medium_large size-medium_large\" alt=\"\" decoding=\"async\" srcset=\"https:\/\/bim.palac.bydgoszcz.pl\/wp-content\/uploads\/2025\/05\/Radunytsia-3-768x577.jpg 768w, https:\/\/bim.palac.bydgoszcz.pl\/wp-content\/uploads\/2025\/05\/Radunytsia-3-300x225.jpg 300w, https:\/\/bim.palac.bydgoszcz.pl\/wp-content\/uploads\/2025\/05\/Radunytsia-3-1024x769.jpg 1024w, https:\/\/bim.palac.bydgoszcz.pl\/wp-content\/uploads\/2025\/05\/Radunytsia-3-1536x1153.jpg 1536w, https:\/\/bim.palac.bydgoszcz.pl\/wp-content\/uploads\/2025\/05\/Radunytsia-3-2048x1537.jpg 2048w, https:\/\/bim.palac.bydgoszcz.pl\/wp-content\/uploads\/2025\/05\/Radunytsia-3-16x12.jpg 16w\" sizes=\"(max-width: 768px) 100vw, 768px\" \/><\/a>\n\t\t\t<\/div><\/figure><figure class='gallery-item'>\n\t\t\t<div class='gallery-icon landscape'>\n\t\t\t\t<a data-elementor-open-lightbox=\"yes\" data-elementor-lightbox-slideshow=\"31f6afa\" data-e-action-hash=\"#elementor-action%3Aaction%3Dlightbox%26settings%3DeyJpZCI6NDAwMiwidXJsIjoiaHR0cHM6XC9cL2JpbS5wYWxhYy5ieWRnb3N6Y3oucGxcL3dwLWNvbnRlbnRcL3VwbG9hZHNcLzIwMjVcLzA1XC9SYWR1bnl0c2lhLTIuanBnIiwic2xpZGVzaG93IjoiMzFmNmFmYSJ9\" href='https:\/\/bim.palac.bydgoszcz.pl\/wp-content\/uploads\/2025\/05\/Radunytsia-2.jpg'><img loading=\"lazy\" width=\"768\" height=\"512\" src=\"https:\/\/bim.palac.bydgoszcz.pl\/wp-content\/uploads\/2025\/05\/Radunytsia-2-768x512.jpg\" class=\"attachment-medium_large size-medium_large\" alt=\"\" decoding=\"async\" srcset=\"https:\/\/bim.palac.bydgoszcz.pl\/wp-content\/uploads\/2025\/05\/Radunytsia-2-768x512.jpg 768w, https:\/\/bim.palac.bydgoszcz.pl\/wp-content\/uploads\/2025\/05\/Radunytsia-2-300x200.jpg 300w, https:\/\/bim.palac.bydgoszcz.pl\/wp-content\/uploads\/2025\/05\/Radunytsia-2-1024x683.jpg 1024w, https:\/\/bim.palac.bydgoszcz.pl\/wp-content\/uploads\/2025\/05\/Radunytsia-2-1536x1024.jpg 1536w, https:\/\/bim.palac.bydgoszcz.pl\/wp-content\/uploads\/2025\/05\/Radunytsia-2-2048x1366.jpg 2048w, https:\/\/bim.palac.bydgoszcz.pl\/wp-content\/uploads\/2025\/05\/Radunytsia-2-18x12.jpg 18w\" sizes=\"(max-width: 768px) 100vw, 768px\" \/><\/a>\n\t\t\t<\/div><\/figure><figure class='gallery-item'>\n\t\t\t<div class='gallery-icon landscape'>\n\t\t\t\t<a data-elementor-open-lightbox=\"yes\" data-elementor-lightbox-slideshow=\"31f6afa\" data-e-action-hash=\"#elementor-action%3Aaction%3Dlightbox%26settings%3DeyJpZCI6NDAwMCwidXJsIjoiaHR0cHM6XC9cL2JpbS5wYWxhYy5ieWRnb3N6Y3oucGxcL3dwLWNvbnRlbnRcL3VwbG9hZHNcLzIwMjVcLzA1XC9SYWR1bnl0c2lhLUx3b3ctc2NhbGVkLWUxNzQ2NzQzNTMzMzE3LmpwZyIsInNsaWRlc2hvdyI6IjMxZjZhZmEifQ%3D%3D\" href='https:\/\/bim.palac.bydgoszcz.pl\/wp-content\/uploads\/2025\/05\/Radunytsia-Lwow-scaled-e1746743533317.jpg'><img loading=\"lazy\" width=\"768\" height=\"444\" src=\"https:\/\/bim.palac.bydgoszcz.pl\/wp-content\/uploads\/2025\/05\/Radunytsia-Lwow-scaled-e1746743533317-768x444.jpg\" class=\"attachment-medium_large size-medium_large\" alt=\"\" decoding=\"async\" srcset=\"https:\/\/bim.palac.bydgoszcz.pl\/wp-content\/uploads\/2025\/05\/Radunytsia-Lwow-scaled-e1746743533317-768x444.jpg 768w, https:\/\/bim.palac.bydgoszcz.pl\/wp-content\/uploads\/2025\/05\/Radunytsia-Lwow-scaled-e1746743533317-300x174.jpg 300w, https:\/\/bim.palac.bydgoszcz.pl\/wp-content\/uploads\/2025\/05\/Radunytsia-Lwow-scaled-e1746743533317-1024x592.jpg 1024w, https:\/\/bim.palac.bydgoszcz.pl\/wp-content\/uploads\/2025\/05\/Radunytsia-Lwow-scaled-e1746743533317-1536x889.jpg 1536w, https:\/\/bim.palac.bydgoszcz.pl\/wp-content\/uploads\/2025\/05\/Radunytsia-Lwow-scaled-e1746743533317-2048x1185.jpg 2048w, https:\/\/bim.palac.bydgoszcz.pl\/wp-content\/uploads\/2025\/05\/Radunytsia-Lwow-scaled-e1746743533317-18x10.jpg 18w\" sizes=\"(max-width: 768px) 100vw, 768px\" \/><\/a>\n\t\t\t<\/div><\/figure>\n\t\t<\/div>\n\t\t<\/div>\n\t\t\t\t<\/div>\n\t\t\t\t<\/div>\n\t\t\t\t\t<\/div>\n\t\t\t\t<\/div>\n\t\t<div class=\"elementor-element elementor-element-0a3925d e-flex e-con-boxed wpr-particle-no wpr-jarallax-no wpr-parallax-no wpr-sticky-section-no e-con e-parent\" data-id=\"0a3925d\" data-element_type=\"container\">\n\t\t\t\t\t<div class=\"e-con-inner\">\n\t\t\t\t<div class=\"elementor-element elementor-element-081718e elementor-widget-divider--view-line elementor-widget elementor-widget-divider\" data-id=\"081718e\" data-element_type=\"widget\" data-widget_type=\"divider.default\">\n\t\t\t\t<div class=\"elementor-widget-container\">\n\t\t\t\t\t<div class=\"elementor-divider\">\n\t\t\t<span class=\"elementor-divider-separator\">\n\t\t\t\t\t\t<\/span>\n\t\t<\/div>\n\t\t\t\t<\/div>\n\t\t\t\t<\/div>\n\t\t\t\t\t<\/div>\n\t\t\t\t<\/div>\n\t\t\t\t<\/div>","protected":false},"excerpt":{"rendered":"<p>Uczestnicy 2025 Ukraina &#8211; Lw\u00f3w \u0421h\u00f3r dzieci\u0119cy &#8222;Radunytsia&#8221; Ch\u00f3r dzieci\u0119cy &#8222;Radunytsia&#8221; powsta\u0142 w 1996 roku w Ludowym Kolektywie Artystycznym Ukrainy Ch\u00f3r &#8222;Radunytsia&#8221; we Lwowie. Kolektyw pracuje przy Instytucji dzieci\u0119cych klub\u00f3w m\u0142odzie\u017cowych dzielnic\u0443 Szewczenkowskiej oraz szko\u0142y numer 54 w mie\u015bcie Lw\u00f3w. W repertuarze zespo\u0142u znajduj\u0105 si\u0119 utwory kompozytor\u00f3w \u015bwiatowych i ukrai\u0144skich, a tak\u017ce pie\u015bni ludowe i ich przetwarzanie. Ch\u00f3r wyda\u0142 osiem album\u00f3w audio r\u00f3\u017cnych gatunk\u00f3w. Zesp\u00f3\u0142 pracuje wed\u0142ug autorskiej metody nauczania \u015bpiewu ch\u00f3ralnego, opartej na pie\u015bniach ludowych, studiuje tradycje i obrz\u0119dy ludowe.<\/p>","protected":false},"author":2,"featured_media":0,"parent":8,"menu_order":0,"comment_status":"closed","ping_status":"closed","template":"elementor_canvas","meta":{"footnotes":""},"_links":{"self":[{"href":"https:\/\/bim.palac.bydgoszcz.pl\/en\/wp-json\/wp\/v2\/pages\/4052"}],"collection":[{"href":"https:\/\/bim.palac.bydgoszcz.pl\/en\/wp-json\/wp\/v2\/pages"}],"about":[{"href":"https:\/\/bim.palac.bydgoszcz.pl\/en\/wp-json\/wp\/v2\/types\/page"}],"author":[{"embeddable":true,"href":"https:\/\/bim.palac.bydgoszcz.pl\/en\/wp-json\/wp\/v2\/users\/2"}],"replies":[{"embeddable":true,"href":"https:\/\/bim.palac.bydgoszcz.pl\/en\/wp-json\/wp\/v2\/comments?post=4052"}],"version-history":[{"count":10,"href":"https:\/\/bim.palac.bydgoszcz.pl\/en\/wp-json\/wp\/v2\/pages\/4052\/revisions"}],"predecessor-version":[{"id":4166,"href":"https:\/\/bim.palac.bydgoszcz.pl\/en\/wp-json\/wp\/v2\/pages\/4052\/revisions\/4166"}],"up":[{"embeddable":true,"href":"https:\/\/bim.palac.bydgoszcz.pl\/en\/wp-json\/wp\/v2\/pages\/8"}],"wp:attachment":[{"href":"https:\/\/bim.palac.bydgoszcz.pl\/en\/wp-json\/wp\/v2\/media?parent=4052"}],"curies":[{"name":"wp","href":"https:\/\/api.w.org\/{rel}","templated":true}]}}